{"id":2976,"date":"2023-11-06T22:30:28","date_gmt":"2023-11-06T20:30:28","guid":{"rendered":"https:\/\/ace-up-your-sleeve.com\/?page_id=2976"},"modified":"2024-03-05T15:51:31","modified_gmt":"2024-03-05T13:51:31","slug":"contact","status":"publish","type":"page","link":"https:\/\/ace-up-your-sleeve.com\/de\/contact\/","title":{"rendered":"Eric Lorenz Contact"},"content":{"rendered":"<div data-elementor-type=\"wp-page\" data-elementor-id=\"2976\" class=\"elementor elementor-2976\" data-elementor-post-type=\"page\">\n\t\t\t\t\t\t<section class=\"elementor-section elementor-top-section elementor-element elementor-element-6c9f7ec0 elementor-section-boxed elementor-section-height-default elementor-section-height-default\" data-id=\"6c9f7ec0\" data-element_type=\"section\" data-e-type=\"section\" data-settings=\"{&quot;background_background&quot;:&quot;classic&quot;}\">\n\t\t\t\t\t\t<div class=\"elementor-container elementor-column-gap-default\">\n\t\t\t\t\t<div class=\"elementor-column elementor-col-100 elementor-top-column elementor-element elementor-element-67a27b5a\" data-id=\"67a27b5a\" data-element_type=\"column\" data-e-type=\"column\">\n\t\t\t<div class=\"elementor-widget-wrap elementor-element-populated\">\n\t\t\t\t\t\t<div class=\"elementor-element elementor-element-8cf48ba elementor-widget elementor-widget-heading\" data-id=\"8cf48ba\" data-element_type=\"widget\" data-e-type=\"widget\" data-widget_type=\"heading.default\">\n\t\t\t\t<div class=\"elementor-widget-container\">\n\t\t\t\t\t<h2 class=\"elementor-heading-title elementor-size-default\">Kontakt\u00a0\u00a0\u00a0Eric Lorenz\u00a0\u00a0\u00a0Ace up your sleeve Management Consulting<\/h2>\t\t\t\t<\/div>\n\t\t\t\t<\/div>\n\t\t\t\t<section class=\"elementor-section elementor-inner-section elementor-element elementor-element-3b0eec0 elementor-section-boxed elementor-section-height-default elementor-section-height-default\" data-id=\"3b0eec0\" data-element_type=\"section\" data-e-type=\"section\">\n\t\t\t\t\t\t<div class=\"elementor-container elementor-column-gap-default\">\n\t\t\t\t\t<div class=\"elementor-column elementor-col-33 elementor-inner-column elementor-element elementor-element-521cc08d\" data-id=\"521cc08d\" data-element_type=\"column\" data-e-type=\"column\" data-settings=\"{&quot;background_background&quot;:&quot;classic&quot;}\">\n\t\t\t<div class=\"elementor-widget-wrap elementor-element-populated\">\n\t\t\t\t\t\t<div class=\"elementor-element elementor-element-674cd40a elementor-widget elementor-widget-heading\" data-id=\"674cd40a\" data-element_type=\"widget\" data-e-type=\"widget\" data-widget_type=\"heading.default\">\n\t\t\t\t<div class=\"elementor-widget-container\">\n\t\t\t\t\t<h2 class=\"elementor-heading-title elementor-size-default translation-block\">Brauchen Sie kurzfristig Unterst\u00fctzung?<\/h2>\t\t\t\t<\/div>\n\t\t\t\t<\/div>\n\t\t\t\t<div class=\"elementor-element elementor-element-369ad0d5 elementor-widget elementor-widget-text-editor\" data-id=\"369ad0d5\" data-element_type=\"widget\" data-e-type=\"widget\" data-widget_type=\"text-editor.default\">\n\t\t\t\t<div class=\"elementor-widget-container\">\n\t\t\t\t\t\t\t\t\t<p class=\"translation-block\">Lassen Sie uns zun\u00e4chst einen Termin <br>f\u00fcr ein (unverbindliches) Telefonat <br>oder (virtuelles) Meeting vereinbaren, <br>um herauszufinden, ob ich f\u00fcr Ihr Anliegen der Richtige bin.<\/p>\t\t\t\t\t\t\t\t<\/div>\n\t\t\t\t<\/div>\n\t\t\t\t<div class=\"elementor-element elementor-element-1e08d103 elementor-widget elementor-widget-image\" data-id=\"1e08d103\" data-element_type=\"widget\" data-e-type=\"widget\" data-widget_type=\"image.default\">\n\t\t\t\t<div class=\"elementor-widget-container\">\n\t\t\t\t\t\t\t\t\t\t\t\t\t\t\t<img fetchpriority=\"high\" decoding=\"async\" width=\"358\" height=\"262\" src=\"https:\/\/ace-up-your-sleeve.com\/wp-content\/uploads\/2023\/11\/C4-email-Coach-PM-optimieren.webp\" class=\"attachment-full size-full wp-image-2564\" alt=\"\" srcset=\"https:\/\/ace-up-your-sleeve.com\/wp-content\/uploads\/2023\/11\/C4-email-Coach-PM-optimieren.webp 358w, https:\/\/ace-up-your-sleeve.com\/wp-content\/uploads\/2023\/11\/C4-email-Coach-PM-optimieren-300x220.webp 300w, https:\/\/ace-up-your-sleeve.com\/wp-content\/uploads\/2023\/11\/C4-email-Coach-PM-optimieren-16x12.webp 16w, https:\/\/ace-up-your-sleeve.com\/wp-content\/uploads\/2023\/11\/elementor\/thumbs\/C4-email-Coach-PM-optimieren-qeyhfuzy01iuejq8u4pae458kgm6riiv45uavqe0w4.webp 36w\" sizes=\"(max-width: 358px) 100vw, 358px\" \/>\t\t\t\t\t\t\t\t\t\t\t\t\t\t\t<\/div>\n\t\t\t\t<\/div>\n\t\t\t\t<div class=\"elementor-element elementor-element-6e29cee4 elementor-widget elementor-widget-heading\" data-id=\"6e29cee4\" data-element_type=\"widget\" data-e-type=\"widget\" data-widget_type=\"heading.default\">\n\t\t\t\t<div class=\"elementor-widget-container\">\n\t\t\t\t\t<h2 class=\"elementor-heading-title elementor-size-default\"><b> <a>Eric.Lorenz@ace-up-your-sleeve.com<\/a><\/b><\/h2>\t\t\t\t<\/div>\n\t\t\t\t<\/div>\n\t\t\t\t<div class=\"elementor-element elementor-element-5f8393b8 elementor-widget elementor-widget-image\" data-id=\"5f8393b8\" data-element_type=\"widget\" data-e-type=\"widget\" data-widget_type=\"image.default\">\n\t\t\t\t<div class=\"elementor-widget-container\">\n\t\t\t\t\t\t\t\t\t\t\t\t\t\t\t<img decoding=\"async\" width=\"193\" height=\"349\" src=\"https:\/\/ace-up-your-sleeve.com\/wp-content\/uploads\/2023\/11\/C5-mobile-Coach-PM-optimieren-1.webp\" class=\"attachment-full size-full wp-image-2594\" alt=\"\" srcset=\"https:\/\/ace-up-your-sleeve.com\/wp-content\/uploads\/2023\/11\/C5-mobile-Coach-PM-optimieren-1.webp 193w, https:\/\/ace-up-your-sleeve.com\/wp-content\/uploads\/2023\/11\/C5-mobile-Coach-PM-optimieren-1-166x300.webp 166w, https:\/\/ace-up-your-sleeve.com\/wp-content\/uploads\/2023\/11\/C5-mobile-Coach-PM-optimieren-1-7x12.webp 7w\" sizes=\"(max-width: 193px) 100vw, 193px\" \/>\t\t\t\t\t\t\t\t\t\t\t\t\t\t\t<\/div>\n\t\t\t\t<\/div>\n\t\t\t\t<div class=\"elementor-element elementor-element-4743f2b0 elementor-widget elementor-widget-heading\" data-id=\"4743f2b0\" data-element_type=\"widget\" data-e-type=\"widget\" data-widget_type=\"heading.default\">\n\t\t\t\t<div class=\"elementor-widget-container\">\n\t\t\t\t\t<h2 class=\"elementor-heading-title elementor-size-default\"><b>+49 173 568 1860<\/b><\/h2>\t\t\t\t<\/div>\n\t\t\t\t<\/div>\n\t\t\t\t<div class=\"elementor-element elementor-element-4b92119e elementor-widget elementor-widget-text-editor\" data-id=\"4b92119e\" data-element_type=\"widget\" data-e-type=\"widget\" data-widget_type=\"text-editor.default\">\n\t\t\t\t<div class=\"elementor-widget-container\">\n\t\t\t\t\t\t\t\t\t<p>WhatsApp oder SMS auch willkommen<\/p>\t\t\t\t\t\t\t\t<\/div>\n\t\t\t\t<\/div>\n\t\t\t\t\t<\/div>\n\t\t<\/div>\n\t\t\t\t<div class=\"elementor-column elementor-col-33 elementor-inner-column elementor-element elementor-element-19f04820 ace\" data-id=\"19f04820\" data-element_type=\"column\" data-e-type=\"column\" data-settings=\"{&quot;background_background&quot;:&quot;classic&quot;}\">\n\t\t\t<div class=\"elementor-widget-wrap elementor-element-populated\">\n\t\t\t\t\t<div class=\"elementor-background-overlay\"><\/div>\n\t\t\t\t\t\t<div class=\"elementor-element elementor-element-413cfc2e fade elementor-widget elementor-widget-heading\" data-id=\"413cfc2e\" data-element_type=\"widget\" data-e-type=\"widget\" data-widget_type=\"heading.default\">\n\t\t\t\t<div class=\"elementor-widget-container\">\n\t\t\t\t\t<h2 class=\"elementor-heading-title elementor-size-default translation-block\"><span style=\"font-size: 25px;font-weight: 700\">Kein kurzfristiger Bedarf?<\/span><br><br><br><br><br><br>Ich unterst\u00fctze Sie gerne in <br>einigen Monaten oder Jahren  - <br>wann immer Sie Hilfe suchen. <br><br>Das setzt nat\u00fcrlich voraus, <br>dass Sie sich zu diesem Zeitpunkt <br>noch an mich erinnern. <br><br>Um das zu vereinfachen, <br>stellen Sie sich mich, Eric Lorenz, <br>einfach als ihr <span style=\"color: #ffffff\"><b>Ass im \u00c4rmel<\/b><\/span> vor, <br>dass Sie dann ziehen, wenn <br>Sie Ihren Erfolg steigern wollen.<\/h2>\t\t\t\t<\/div>\n\t\t\t\t<\/div>\n\t\t\t\t<div class=\"elementor-element elementor-element-1991f50d elementor-widget elementor-widget-heading\" data-id=\"1991f50d\" data-element_type=\"widget\" data-e-type=\"widget\" data-widget_type=\"heading.default\">\n\t\t\t\t<div class=\"elementor-widget-container\">\n\t\t\t\t\t<h2 class=\"elementor-heading-title elementor-size-default\"><a href=\"https:\/\/www.linkedin.com\/in\/eric-lorenz-coaching-consulting\/\"><b>Auf LinkedIn vernetzen \u00bb<\/b><\/a><\/h2>\t\t\t\t<\/div>\n\t\t\t\t<\/div>\n\t\t\t\t\t<\/div>\n\t\t<\/div>\n\t\t\t\t<div class=\"elementor-column elementor-col-33 elementor-inner-column elementor-element elementor-element-56c29196 elementor-hidden-tablet elementor-hidden-mobile\" data-id=\"56c29196\" data-element_type=\"column\" data-e-type=\"column\">\n\t\t\t<div class=\"elementor-widget-wrap elementor-element-populated\">\n\t\t\t\t\t\t<div class=\"elementor-element elementor-element-467bf962 elementor-widget elementor-widget-spacer\" data-id=\"467bf962\" data-element_type=\"widget\" data-e-type=\"widget\" data-widget_type=\"spacer.default\">\n\t\t\t\t<div class=\"elementor-widget-container\">\n\t\t\t\t\t\t\t<div class=\"elementor-spacer\">\n\t\t\t<div class=\"elementor-spacer-inner\"><\/div>\n\t\t<\/div>\n\t\t\t\t\t\t<\/div>\n\t\t\t\t<\/div>\n\t\t\t\t\t<\/div>\n\t\t<\/div>\n\t\t\t\t\t<\/div>\n\t\t<\/section>\n\t\t\t\t<section class=\"elementor-section elementor-inner-section elementor-element elementor-element-93b03b6 elementor-section-boxed elementor-section-height-default elementor-section-height-default\" data-id=\"93b03b6\" data-element_type=\"section\" data-e-type=\"section\">\n\t\t\t\t\t\t<div class=\"elementor-container elementor-column-gap-default\">\n\t\t\t\t\t<div class=\"elementor-column elementor-col-100 elementor-inner-column elementor-element elementor-element-c0f54f2\" data-id=\"c0f54f2\" data-element_type=\"column\" data-e-type=\"column\">\n\t\t\t<div class=\"elementor-widget-wrap elementor-element-populated\">\n\t\t\t\t\t\t<div class=\"elementor-element elementor-element-c4f6e5a elementor-widget elementor-widget-text-editor\" data-id=\"c4f6e5a\" data-element_type=\"widget\" data-e-type=\"widget\" data-widget_type=\"text-editor.default\">\n\t\t\t\t<div class=\"elementor-widget-container\">\n\t\t\t\t\t\t\t\t\t<p class=\"translation-block\">Wenn Sie mehr \u00fcber meine <a style=\"color: #85d5f8;text-decoration: underline\" href=\"https:\/\/ace-up-your-sleeve.com\/de\/#offer\" target=\"_self\">Dienstleistungen<\/a> erfahren m\u00f6chten:<br><a style=\"color: #85d5f8;text-decoration: underline\" href=\"https:\/\/ace-up-your-sleeve.com\/de\/strategy\/\" target=\"_self\">Strategie Consulting<\/a>, <a style=\"color: #85d5f8;text-decoration: underline\" href=\"https:\/\/ace-up-your-sleeve.com\/de\/pm\/\" target=\"_self\">PM Optimierung<\/a>, <a style=\"color: #85d5f8;text-decoration: underline\" href=\"https:\/\/ace-up-your-sleeve.com\/de\/coaching-training\/\" target=\"_self\">Individuelles Coaching<\/a>, <a style=\"color: #85d5f8;text-decoration: underline\" href=\"https:\/\/ace-up-your-sleeve.com\/de\/coaching-training\/\" target=\"_self\">F\u00fchrungs- und Soft Skill Trainings<\/a>, <a style=\"color: #85d5f8;text-decoration: underline\" href=\"https:\/\/ace-up-your-sleeve.com\/de\/workshop\/\" target=\"_self\">Ma\u00dfgeschneiderte Workshops<\/a>.<br><a style=\"color: #85d5f8;text-decoration: underline\" href=\"https:\/\/ace-up-your-sleeve.com\/de\/eric-lorenz\/\" target=\"_self\">Hier finden Sie weitere Informationen \u00fcber mich und meine Erfahrungen<\/a>.<br><a style=\"color: #85d5f8;text-decoration: underline\" href=\"https:\/\/ace-up-your-sleeve.com\/de\/blog\/\" target=\"_self\">Interessante Infos finden Sie auch in meinem Blog<\/a>.<\/p>\t\t\t\t\t\t\t\t<\/div>\n\t\t\t\t<\/div>\n\t\t\t\t\t<\/div>\n\t\t<\/div>\n\t\t\t\t\t<\/div>\n\t\t<\/section>\n\t\t\t\t\t<\/div>\n\t\t<\/div>\n\t\t\t\t\t<\/div>\n\t\t<\/section>\n\t\t\t\t<\/div>","protected":false},"excerpt":{"rendered":"<p>Contact&nbsp;&nbsp;&nbsp;Eric Lorenz&nbsp;&nbsp;&nbsp;Ace up your sleeve Management Consulting Do you need support short-term? Let&#8217;s start with scheduling an initial (non-binding) call or (virtual) meeting to find out if I am the right fit for what you want to achieve. Eric.Lorenz@ace-up-your-sleeve.com +49 173 568 1860 WhatsApp or text also welcome No short-term need? I&#8217;m happy to support [&hellip;]<\/p>\n","protected":false},"author":1,"featured_media":0,"parent":0,"menu_order":0,"comment_status":"closed","ping_status":"closed","template":"","meta":{"ocean_post_layout":"","ocean_both_sidebars_style":"","ocean_both_sidebars_content_width":0,"ocean_both_sidebars_sidebars_width":0,"ocean_sidebar":"","ocean_second_sidebar":"","ocean_disable_margins":"enable","ocean_add_body_class":"","ocean_shortcode_before_top_bar":"","ocean_shortcode_after_top_bar":"","ocean_shortcode_before_header":"","ocean_shortcode_after_header":"","ocean_has_shortcode":"","ocean_shortcode_after_title":"","ocean_shortcode_before_footer_widgets":"","ocean_shortcode_after_footer_widgets":"","ocean_shortcode_before_footer_bottom":"","ocean_shortcode_after_footer_bottom":"","ocean_display_top_bar":"default","ocean_display_header":"default","ocean_header_style":"","ocean_center_header_left_menu":"","ocean_custom_header_template":"","ocean_custom_logo":0,"ocean_custom_retina_logo":0,"ocean_custom_logo_max_width":0,"ocean_custom_logo_tablet_max_width":0,"ocean_custom_logo_mobile_max_width":0,"ocean_custom_logo_max_height":0,"ocean_custom_logo_tablet_max_height":0,"ocean_custom_logo_mobile_max_height":0,"ocean_header_custom_menu":"","ocean_menu_typo_font_family":"","ocean_menu_typo_font_subset":"","ocean_menu_typo_font_size":0,"ocean_menu_typo_font_size_tablet":0,"ocean_menu_typo_font_size_mobile":0,"ocean_menu_typo_font_size_unit":"px","ocean_menu_typo_font_weight":"","ocean_menu_typo_font_weight_tablet":"","ocean_menu_typo_font_weight_mobile":"","ocean_menu_typo_transform":"","ocean_menu_typo_transform_tablet":"","ocean_menu_typo_transform_mobile":"","ocean_menu_typo_line_height":0,"ocean_menu_typo_line_height_tablet":0,"ocean_menu_typo_line_height_mobile":0,"ocean_menu_typo_line_height_unit":"","ocean_menu_typo_spacing":0,"ocean_menu_typo_spacing_tablet":0,"ocean_menu_typo_spacing_mobile":0,"ocean_menu_typo_spacing_unit":"","ocean_menu_link_color":"","ocean_menu_link_color_hover":"","ocean_menu_link_color_active":"","ocean_menu_link_background":"","ocean_menu_link_hover_background":"","ocean_menu_link_active_background":"","ocean_menu_social_links_bg":"","ocean_menu_social_hover_links_bg":"","ocean_menu_social_links_color":"","ocean_menu_social_hover_links_color":"","ocean_disable_title":"on","ocean_disable_heading":"default","ocean_post_title":"","ocean_post_subheading":"","ocean_post_title_style":"","ocean_post_title_background_color":"","ocean_post_title_background":0,"ocean_post_title_bg_image_position":"","ocean_post_title_bg_image_attachment":"","ocean_post_title_bg_image_repeat":"","ocean_post_title_bg_image_size":"","ocean_post_title_height":0,"ocean_post_title_bg_overlay":0.5,"ocean_post_title_bg_overlay_color":"","ocean_disable_breadcrumbs":"default","ocean_breadcrumbs_color":"","ocean_breadcrumbs_separator_color":"","ocean_breadcrumbs_links_color":"","ocean_breadcrumbs_links_hover_color":"","ocean_display_footer_widgets":"default","ocean_display_footer_bottom":"default","ocean_custom_footer_template":"","footnotes":""},"class_list":["post-2976","page","type-page","status-publish","hentry","entry"],"yoast_head":"<!-- This site is optimized with the Yoast SEO plugin v27.4 - https:\/\/yoast.com\/product\/yoast-seo-wordpress\/ -->\n<title>Eric Lorenz Contact - Ace up your sleeve<\/title>\n<meta name=\"description\" content=\"Contact Eric Lorenz for strategy, PM and personal development support. Benefit from Eric&#039;s 20 years of leadership experience in the industry.\" \/>\n<meta name=\"robots\" content=\"index, follow, max-snippet:-1, max-image-preview:large, max-video-preview:-1\" \/>\n<link rel=\"canonical\" href=\"https:\/\/ace-up-your-sleeve.com\/de\/contact\/\" \/>\n<meta property=\"og:locale\" content=\"de_DE\" \/>\n<meta property=\"og:type\" content=\"article\" \/>\n<meta property=\"og:title\" content=\"Eric Lorenz Contact - Ace up your sleeve\" \/>\n<meta property=\"og:description\" content=\"Contact Eric Lorenz for strategy, PM and personal development support. Benefit from Eric&#039;s 20 years of leadership experience in the industry.\" \/>\n<meta property=\"og:url\" content=\"https:\/\/ace-up-your-sleeve.com\/de\/contact\/\" \/>\n<meta property=\"og:site_name\" content=\"Ace up your sleeve\" \/>\n<meta property=\"article:modified_time\" content=\"2024-03-05T13:51:31+00:00\" \/>\n<meta property=\"og:image\" content=\"https:\/\/ace-up-your-sleeve.com\/wp-content\/uploads\/2023\/11\/C4-email-Coach-PM-optimieren.webp\" \/>\n<meta name=\"twitter:card\" content=\"summary_large_image\" \/>\n<meta name=\"twitter:label1\" content=\"Gesch\u00e4tzte Lesezeit\" \/>\n\t<meta name=\"twitter:data1\" content=\"2\u00a0Minuten\" \/>\n<script type=\"application\/ld+json\" class=\"yoast-schema-graph\">{\"@context\":\"https:\\\/\\\/schema.org\",\"@graph\":[{\"@type\":\"WebPage\",\"@id\":\"https:\\\/\\\/ace-up-your-sleeve.com\\\/contact\\\/\",\"url\":\"https:\\\/\\\/ace-up-your-sleeve.com\\\/contact\\\/\",\"name\":\"Eric Lorenz Contact - Ace up your sleeve\",\"isPartOf\":{\"@id\":\"https:\\\/\\\/ace-up-your-sleeve.com\\\/#website\"},\"primaryImageOfPage\":{\"@id\":\"https:\\\/\\\/ace-up-your-sleeve.com\\\/contact\\\/#primaryimage\"},\"image\":{\"@id\":\"https:\\\/\\\/ace-up-your-sleeve.com\\\/contact\\\/#primaryimage\"},\"thumbnailUrl\":\"https:\\\/\\\/ace-up-your-sleeve.com\\\/wp-content\\\/uploads\\\/2023\\\/11\\\/C4-email-Coach-PM-optimieren.webp\",\"datePublished\":\"2023-11-06T20:30:28+00:00\",\"dateModified\":\"2024-03-05T13:51:31+00:00\",\"description\":\"Contact Eric Lorenz for strategy, PM and personal development support. Benefit from Eric's 20 years of leadership experience in the industry.\",\"breadcrumb\":{\"@id\":\"https:\\\/\\\/ace-up-your-sleeve.com\\\/contact\\\/#breadcrumb\"},\"inLanguage\":\"de\",\"potentialAction\":[{\"@type\":\"ReadAction\",\"target\":[\"https:\\\/\\\/ace-up-your-sleeve.com\\\/contact\\\/\"]}]},{\"@type\":\"ImageObject\",\"inLanguage\":\"de\",\"@id\":\"https:\\\/\\\/ace-up-your-sleeve.com\\\/contact\\\/#primaryimage\",\"url\":\"https:\\\/\\\/ace-up-your-sleeve.com\\\/wp-content\\\/uploads\\\/2023\\\/11\\\/C4-email-Coach-PM-optimieren.webp\",\"contentUrl\":\"https:\\\/\\\/ace-up-your-sleeve.com\\\/wp-content\\\/uploads\\\/2023\\\/11\\\/C4-email-Coach-PM-optimieren.webp\"},{\"@type\":\"BreadcrumbList\",\"@id\":\"https:\\\/\\\/ace-up-your-sleeve.com\\\/contact\\\/#breadcrumb\",\"itemListElement\":[{\"@type\":\"ListItem\",\"position\":1,\"name\":\"Home\",\"item\":\"https:\\\/\\\/ace-up-your-sleeve.com\\\/\"},{\"@type\":\"ListItem\",\"position\":2,\"name\":\"Eric Lorenz Contact\"}]},{\"@type\":\"WebSite\",\"@id\":\"https:\\\/\\\/ace-up-your-sleeve.com\\\/#website\",\"url\":\"https:\\\/\\\/ace-up-your-sleeve.com\\\/\",\"name\":\"Ace up your sleeve Management Consulting Eric Lorenz\",\"description\":\"\",\"publisher\":{\"@id\":\"https:\\\/\\\/ace-up-your-sleeve.com\\\/#organization\"},\"potentialAction\":[{\"@type\":\"SearchAction\",\"target\":{\"@type\":\"EntryPoint\",\"urlTemplate\":\"https:\\\/\\\/ace-up-your-sleeve.com\\\/?s={search_term_string}\"},\"query-input\":{\"@type\":\"PropertyValueSpecification\",\"valueRequired\":true,\"valueName\":\"search_term_string\"}}],\"inLanguage\":\"de\"},{\"@type\":\"Organization\",\"@id\":\"https:\\\/\\\/ace-up-your-sleeve.com\\\/#organization\",\"name\":\"Ace up your sleeve Management Consulting Eric Lorenz\",\"url\":\"https:\\\/\\\/ace-up-your-sleeve.com\\\/\",\"logo\":{\"@type\":\"ImageObject\",\"inLanguage\":\"de\",\"@id\":\"https:\\\/\\\/ace-up-your-sleeve.com\\\/#\\\/schema\\\/logo\\\/image\\\/\",\"url\":\"https:\\\/\\\/ace-up-your-sleeve.com\\\/wp-content\\\/uploads\\\/2023\\\/10\\\/Favicon.png\",\"contentUrl\":\"https:\\\/\\\/ace-up-your-sleeve.com\\\/wp-content\\\/uploads\\\/2023\\\/10\\\/Favicon.png\",\"width\":48,\"height\":48,\"caption\":\"Ace up your sleeve Management Consulting Eric Lorenz\"},\"image\":{\"@id\":\"https:\\\/\\\/ace-up-your-sleeve.com\\\/#\\\/schema\\\/logo\\\/image\\\/\"},\"sameAs\":[\"https:\\\/\\\/www.linkedin.com\\\/in\\\/eric-lorenz-coaching-consulting\"]}]}<\/script>\n<!-- \/ Yoast SEO plugin. -->","yoast_head_json":{"title":"Eric Lorenz Contact - Ace up your sleeve","description":"Contact Eric Lorenz for strategy, PM and personal development support. Benefit from Eric's 20 years of leadership experience in the industry.","robots":{"index":"index","follow":"follow","max-snippet":"max-snippet:-1","max-image-preview":"max-image-preview:large","max-video-preview":"max-video-preview:-1"},"canonical":"https:\/\/ace-up-your-sleeve.com\/de\/contact\/","og_locale":"de_DE","og_type":"article","og_title":"Eric Lorenz Contact - Ace up your sleeve","og_description":"Contact Eric Lorenz for strategy, PM and personal development support. Benefit from Eric's 20 years of leadership experience in the industry.","og_url":"https:\/\/ace-up-your-sleeve.com\/de\/contact\/","og_site_name":"Ace up your sleeve","article_modified_time":"2024-03-05T13:51:31+00:00","og_image":[{"url":"https:\/\/ace-up-your-sleeve.com\/wp-content\/uploads\/2023\/11\/C4-email-Coach-PM-optimieren.webp","type":"","width":"","height":""}],"twitter_card":"summary_large_image","twitter_misc":{"Gesch\u00e4tzte Lesezeit":"2\u00a0Minuten"},"schema":{"@context":"https:\/\/schema.org","@graph":[{"@type":"WebPage","@id":"https:\/\/ace-up-your-sleeve.com\/contact\/","url":"https:\/\/ace-up-your-sleeve.com\/contact\/","name":"Eric Lorenz Contact - Ace up your sleeve","isPartOf":{"@id":"https:\/\/ace-up-your-sleeve.com\/#website"},"primaryImageOfPage":{"@id":"https:\/\/ace-up-your-sleeve.com\/contact\/#primaryimage"},"image":{"@id":"https:\/\/ace-up-your-sleeve.com\/contact\/#primaryimage"},"thumbnailUrl":"https:\/\/ace-up-your-sleeve.com\/wp-content\/uploads\/2023\/11\/C4-email-Coach-PM-optimieren.webp","datePublished":"2023-11-06T20:30:28+00:00","dateModified":"2024-03-05T13:51:31+00:00","description":"Contact Eric Lorenz for strategy, PM and personal development support. Benefit from Eric's 20 years of leadership experience in the industry.","breadcrumb":{"@id":"https:\/\/ace-up-your-sleeve.com\/contact\/#breadcrumb"},"inLanguage":"de","potentialAction":[{"@type":"ReadAction","target":["https:\/\/ace-up-your-sleeve.com\/contact\/"]}]},{"@type":"ImageObject","inLanguage":"de","@id":"https:\/\/ace-up-your-sleeve.com\/contact\/#primaryimage","url":"https:\/\/ace-up-your-sleeve.com\/wp-content\/uploads\/2023\/11\/C4-email-Coach-PM-optimieren.webp","contentUrl":"https:\/\/ace-up-your-sleeve.com\/wp-content\/uploads\/2023\/11\/C4-email-Coach-PM-optimieren.webp"},{"@type":"BreadcrumbList","@id":"https:\/\/ace-up-your-sleeve.com\/contact\/#breadcrumb","itemListElement":[{"@type":"ListItem","position":1,"name":"Home","item":"https:\/\/ace-up-your-sleeve.com\/"},{"@type":"ListItem","position":2,"name":"Eric Lorenz Contact"}]},{"@type":"WebSite","@id":"https:\/\/ace-up-your-sleeve.com\/#website","url":"https:\/\/ace-up-your-sleeve.com\/","name":"Ace up your sleeve Management Consulting Eric Lorenz","description":"","publisher":{"@id":"https:\/\/ace-up-your-sleeve.com\/#organization"},"potentialAction":[{"@type":"SearchAction","target":{"@type":"EntryPoint","urlTemplate":"https:\/\/ace-up-your-sleeve.com\/?s={search_term_string}"},"query-input":{"@type":"PropertyValueSpecification","valueRequired":true,"valueName":"search_term_string"}}],"inLanguage":"de"},{"@type":"Organization","@id":"https:\/\/ace-up-your-sleeve.com\/#organization","name":"Ace up your sleeve Management Consulting Eric Lorenz","url":"https:\/\/ace-up-your-sleeve.com\/","logo":{"@type":"ImageObject","inLanguage":"de","@id":"https:\/\/ace-up-your-sleeve.com\/#\/schema\/logo\/image\/","url":"https:\/\/ace-up-your-sleeve.com\/wp-content\/uploads\/2023\/10\/Favicon.png","contentUrl":"https:\/\/ace-up-your-sleeve.com\/wp-content\/uploads\/2023\/10\/Favicon.png","width":48,"height":48,"caption":"Ace up your sleeve Management Consulting Eric Lorenz"},"image":{"@id":"https:\/\/ace-up-your-sleeve.com\/#\/schema\/logo\/image\/"},"sameAs":["https:\/\/www.linkedin.com\/in\/eric-lorenz-coaching-consulting"]}]}},"_links":{"self":[{"href":"https:\/\/ace-up-your-sleeve.com\/de\/wp-json\/wp\/v2\/pages\/2976","targetHints":{"allow":["GET"]}}],"collection":[{"href":"https:\/\/ace-up-your-sleeve.com\/de\/wp-json\/wp\/v2\/pages"}],"about":[{"href":"https:\/\/ace-up-your-sleeve.com\/de\/wp-json\/wp\/v2\/types\/page"}],"author":[{"embeddable":true,"href":"https:\/\/ace-up-your-sleeve.com\/de\/wp-json\/wp\/v2\/users\/1"}],"replies":[{"embeddable":true,"href":"https:\/\/ace-up-your-sleeve.com\/de\/wp-json\/wp\/v2\/comments?post=2976"}],"version-history":[{"count":49,"href":"https:\/\/ace-up-your-sleeve.com\/de\/wp-json\/wp\/v2\/pages\/2976\/revisions"}],"predecessor-version":[{"id":3382,"href":"https:\/\/ace-up-your-sleeve.com\/de\/wp-json\/wp\/v2\/pages\/2976\/revisions\/3382"}],"wp:attachment":[{"href":"https:\/\/ace-up-your-sleeve.com\/de\/wp-json\/wp\/v2\/media?parent=2976"}],"curies":[{"name":"wp","href":"https:\/\/api.w.org\/{rel}","templated":true}]}}