{"id":365,"date":"2023-09-15T14:57:36","date_gmt":"2023-09-15T12:57:36","guid":{"rendered":"http:\/\/ace-up-your-sleeve.com\/?page_id=365"},"modified":"2024-03-02T15:02:47","modified_gmt":"2024-03-02T13:02:47","slug":"impressum","status":"publish","type":"page","link":"https:\/\/ace-up-your-sleeve.com\/de\/impressum\/","title":{"rendered":"Impressum"},"content":{"rendered":"<div data-elementor-type=\"wp-page\" data-elementor-id=\"365\" class=\"elementor elementor-365\" data-elementor-post-type=\"page\">\n\t\t\t\t\t\t<section class=\"elementor-section elementor-top-section elementor-element elementor-element-945ad5b elementor-section-height-full elementor-section-items-top elementor-section-boxed elementor-section-height-default\" data-id=\"945ad5b\" data-element_type=\"section\" data-e-type=\"section\">\n\t\t\t\t\t\t<div class=\"elementor-container elementor-column-gap-default\">\n\t\t\t\t\t<div class=\"elementor-column elementor-col-33 elementor-top-column elementor-element elementor-element-8cbd7a9\" data-id=\"8cbd7a9\" data-element_type=\"column\" data-e-type=\"column\">\n\t\t\t<div class=\"elementor-widget-wrap elementor-element-populated\">\n\t\t\t\t\t\t<div class=\"elementor-element elementor-element-5962f1c elementor-widget elementor-widget-spacer\" data-id=\"5962f1c\" data-element_type=\"widget\" data-e-type=\"widget\" data-widget_type=\"spacer.default\">\n\t\t\t\t<div class=\"elementor-widget-container\">\n\t\t\t\t\t\t\t<div class=\"elementor-spacer\">\n\t\t\t<div class=\"elementor-spacer-inner\"><\/div>\n\t\t<\/div>\n\t\t\t\t\t\t<\/div>\n\t\t\t\t<\/div>\n\t\t\t\t<div class=\"elementor-element elementor-element-abcc666 elementor-widget elementor-widget-heading\" data-id=\"abcc666\" data-element_type=\"widget\" data-e-type=\"widget\" data-widget_type=\"heading.default\">\n\t\t\t\t<div class=\"elementor-widget-container\">\n\t\t\t\t\t<h2 class=\"elementor-heading-title elementor-size-default\">Impressum<\/h2>\t\t\t\t<\/div>\n\t\t\t\t<\/div>\n\t\t\t\t<div class=\"elementor-element elementor-element-51fd5d0 elementor-widget elementor-widget-text-editor\" data-id=\"51fd5d0\" data-element_type=\"widget\" data-e-type=\"widget\" data-widget_type=\"text-editor.default\">\n\t\t\t\t<div class=\"elementor-widget-container\">\n\t\t\t\t\t\t\t\t\t<p>Verantwortlich f\u00fcr diese Website:<\/p><p class=\"translation-block\">Ace up your sleeve<br>Management Consulting<br>Eric Lorenz<\/p><p class=\"translation-block\">Josephsplatz 8<br>90403 Nuernberg<br>Deutschland<\/p><p class=\"translation-block\">email: eric.lorenz@ace-up-your-sleeve.com<br>mobile: +49 173 568 1860<\/p><p>Umsatzsteuer-ID: DE362999534<\/p>\t\t\t\t\t\t\t\t<\/div>\n\t\t\t\t<\/div>\n\t\t\t\t<div class=\"elementor-element elementor-element-89ec1a8 elementor-widget elementor-widget-spacer\" data-id=\"89ec1a8\" data-element_type=\"widget\" data-e-type=\"widget\" data-widget_type=\"spacer.default\">\n\t\t\t\t<div class=\"elementor-widget-container\">\n\t\t\t\t\t\t\t<div class=\"elementor-spacer\">\n\t\t\t<div class=\"elementor-spacer-inner\"><\/div>\n\t\t<\/div>\n\t\t\t\t\t\t<\/div>\n\t\t\t\t<\/div>\n\t\t\t\t\t<\/div>\n\t\t<\/div>\n\t\t\t\t<div class=\"elementor-column elementor-col-33 elementor-top-column elementor-element elementor-element-3ec7095\" data-id=\"3ec7095\" data-element_type=\"column\" data-e-type=\"column\">\n\t\t\t<div class=\"elementor-widget-wrap elementor-element-populated\">\n\t\t\t\t\t\t<div class=\"elementor-element elementor-element-fb2f282 elementor-widget elementor-widget-spacer\" data-id=\"fb2f282\" data-element_type=\"widget\" data-e-type=\"widget\" data-widget_type=\"spacer.default\">\n\t\t\t\t<div class=\"elementor-widget-container\">\n\t\t\t\t\t\t\t<div class=\"elementor-spacer\">\n\t\t\t<div class=\"elementor-spacer-inner\"><\/div>\n\t\t<\/div>\n\t\t\t\t\t\t<\/div>\n\t\t\t\t<\/div>\n\t\t\t\t<div class=\"elementor-element elementor-element-8aaa20f elementor-widget elementor-widget-heading\" data-id=\"8aaa20f\" data-element_type=\"widget\" data-e-type=\"widget\" data-widget_type=\"heading.default\">\n\t\t\t\t<div class=\"elementor-widget-container\">\n\t\t\t\t\t<h2 class=\"elementor-heading-title elementor-size-default\">Datenschutz<\/h2>\t\t\t\t<\/div>\n\t\t\t\t<\/div>\n\t\t\t\t<div class=\"elementor-element elementor-element-cdced98 elementor-widget elementor-widget-text-editor\" data-id=\"cdced98\" data-element_type=\"widget\" data-e-type=\"widget\" data-widget_type=\"text-editor.default\">\n\t\t\t\t<div class=\"elementor-widget-container\">\n\t\t\t\t\t\t\t\t\t<p>We do not collect, store or process personal data when you visit this website. We do not record or track your browsing behavior at any time.<\/p><p>Der Hosting-Dienstleister erfasst beim Zugriff auf die Website automatisch technisch notwendige Informationen (z.B. den Browser und die Bildschirmaufl\u00f6sung, die Sie verwenden). Dies ist f\u00fcr die korrekte Darstellung einer Website erforderlich. Diese Informationen erlauben keine R\u00fcckschl\u00fcsse auf Ihre Person.<\/p>\t\t\t\t\t\t\t\t<\/div>\n\t\t\t\t<\/div>\n\t\t\t\t\t<\/div>\n\t\t<\/div>\n\t\t\t\t<div class=\"elementor-column elementor-col-33 elementor-top-column elementor-element elementor-element-668dedd\" data-id=\"668dedd\" data-element_type=\"column\" data-e-type=\"column\">\n\t\t\t<div class=\"elementor-widget-wrap elementor-element-populated\">\n\t\t\t\t\t\t<div class=\"elementor-element elementor-element-c67a51e elementor-widget elementor-widget-spacer\" data-id=\"c67a51e\" data-element_type=\"widget\" data-e-type=\"widget\" data-widget_type=\"spacer.default\">\n\t\t\t\t<div class=\"elementor-widget-container\">\n\t\t\t\t\t\t\t<div class=\"elementor-spacer\">\n\t\t\t<div class=\"elementor-spacer-inner\"><\/div>\n\t\t<\/div>\n\t\t\t\t\t\t<\/div>\n\t\t\t\t<\/div>\n\t\t\t\t<div class=\"elementor-element elementor-element-c02e266 elementor-widget elementor-widget-heading\" data-id=\"c02e266\" data-element_type=\"widget\" data-e-type=\"widget\" data-widget_type=\"heading.default\">\n\t\t\t\t<div class=\"elementor-widget-container\">\n\t\t\t\t\t<h2 class=\"elementor-heading-title elementor-size-default\">Erkl\u00e4rung<\/h2>\t\t\t\t<\/div>\n\t\t\t\t<\/div>\n\t\t\t\t<div class=\"elementor-element elementor-element-bb27e43 elementor-widget elementor-widget-text-editor\" data-id=\"bb27e43\" data-element_type=\"widget\" data-e-type=\"widget\" data-widget_type=\"text-editor.default\">\n\t\t\t\t<div class=\"elementor-widget-container\">\n\t\t\t\t\t\t\t\t\t<p>Alle angegebenen Informationen sind nach bestem Wissen und Gewissen wiedergegeben. F\u00fcr alle dargestellten Bilder wurden Lizenzen erworben. Sollten Sie dennoch auf ein Problem sto\u00dfen, bitten wir um einen Hinweis per email an die links genannte Adresse.<\/p><p>Auf geschlechtsspezifische Schreibweisen wurde generell zugunsten einer besseren Lesbarkeit verzichtet. Wir m\u00f6chten betonen, dass wir alle Menschen respektieren \u2013 unabh\u00e4ngig von Geschlecht und sexueller Identit\u00e4t genauso wie von Herkunft, Alter, \u00e4u\u00dferem Erscheinungsbild und Weltanschauung.<\/p>\t\t\t\t\t\t\t\t<\/div>\n\t\t\t\t<\/div>\n\t\t\t\t\t<\/div>\n\t\t<\/div>\n\t\t\t\t\t<\/div>\n\t\t<\/section>\n\t\t\t\t<\/div>","protected":false},"excerpt":{"rendered":"<p>Imprint Responsible for this website: Ace up your sleeveManagement ConsultingEric Lorenz Josephsplatz 890403 NuernbergGermany email: eric.lorenz@ace-up-your-sleeve.commobile: +49 173 568 1860 Tax ID: DE362999534 Data protection We do not collect, store or process personal data when you visit this website. We do not record or track your browsing behavior at any time. The hosting service provider [&hellip;]<\/p>\n","protected":false},"author":1,"featured_media":0,"parent":0,"menu_order":0,"comment_status":"closed","ping_status":"closed","template":"","meta":{"ocean_post_layout":"","ocean_both_sidebars_style":"","ocean_both_sidebars_content_width":0,"ocean_both_sidebars_sidebars_width":0,"ocean_sidebar":"","ocean_second_sidebar":"","ocean_disable_margins":"enable","ocean_add_body_class":"","ocean_shortcode_before_top_bar":"","ocean_shortcode_after_top_bar":"","ocean_shortcode_before_header":"","ocean_shortcode_after_header":"","ocean_has_shortcode":"","ocean_shortcode_after_title":"","ocean_shortcode_before_footer_widgets":"","ocean_shortcode_after_footer_widgets":"","ocean_shortcode_before_footer_bottom":"","ocean_shortcode_after_footer_bottom":"","ocean_display_top_bar":"default","ocean_display_header":"default","ocean_header_style":"","ocean_center_header_left_menu":"","ocean_custom_header_template":"","ocean_custom_logo":0,"ocean_custom_retina_logo":0,"ocean_custom_logo_max_width":0,"ocean_custom_logo_tablet_max_width":0,"ocean_custom_logo_mobile_max_width":0,"ocean_custom_logo_max_height":0,"ocean_custom_logo_tablet_max_height":0,"ocean_custom_logo_mobile_max_height":0,"ocean_header_custom_menu":"","ocean_menu_typo_font_family":"","ocean_menu_typo_font_subset":"","ocean_menu_typo_font_size":0,"ocean_menu_typo_font_size_tablet":0,"ocean_menu_typo_font_size_mobile":0,"ocean_menu_typo_font_size_unit":"px","ocean_menu_typo_font_weight":"","ocean_menu_typo_font_weight_tablet":"","ocean_menu_typo_font_weight_mobile":"","ocean_menu_typo_transform":"","ocean_menu_typo_transform_tablet":"","ocean_menu_typo_transform_mobile":"","ocean_menu_typo_line_height":0,"ocean_menu_typo_line_height_tablet":0,"ocean_menu_typo_line_height_mobile":0,"ocean_menu_typo_line_height_unit":"","ocean_menu_typo_spacing":0,"ocean_menu_typo_spacing_tablet":0,"ocean_menu_typo_spacing_mobile":0,"ocean_menu_typo_spacing_unit":"","ocean_menu_link_color":"","ocean_menu_link_color_hover":"","ocean_menu_link_color_active":"","ocean_menu_link_background":"","ocean_menu_link_hover_background":"","ocean_menu_link_active_background":"","ocean_menu_social_links_bg":"","ocean_menu_social_hover_links_bg":"","ocean_menu_social_links_color":"","ocean_menu_social_hover_links_color":"","ocean_disable_title":"on","ocean_disable_heading":"default","ocean_post_title":"","ocean_post_subheading":"","ocean_post_title_style":"","ocean_post_title_background_color":"","ocean_post_title_background":0,"ocean_post_title_bg_image_position":"","ocean_post_title_bg_image_attachment":"","ocean_post_title_bg_image_repeat":"","ocean_post_title_bg_image_size":"","ocean_post_title_height":0,"ocean_post_title_bg_overlay":0.5,"ocean_post_title_bg_overlay_color":"","ocean_disable_breadcrumbs":"default","ocean_breadcrumbs_color":"","ocean_breadcrumbs_separator_color":"","ocean_breadcrumbs_links_color":"","ocean_breadcrumbs_links_hover_color":"","ocean_display_footer_widgets":"default","ocean_display_footer_bottom":"default","ocean_custom_footer_template":"","footnotes":""},"class_list":["post-365","page","type-page","status-publish","hentry","entry"],"yoast_head":"<!-- This site is optimized with the Yoast SEO plugin v27.5 - https:\/\/yoast.com\/product\/yoast-seo-wordpress\/ -->\n<title>Impressum - Ace up your sleeve<\/title>\n<meta name=\"robots\" content=\"index, follow, max-snippet:-1, max-image-preview:large, max-video-preview:-1\" \/>\n<link rel=\"canonical\" href=\"https:\/\/ace-up-your-sleeve.com\/de\/impressum\/\" \/>\n<meta property=\"og:locale\" content=\"de_DE\" \/>\n<meta property=\"og:type\" content=\"article\" \/>\n<meta property=\"og:title\" content=\"Impressum - Ace up your sleeve\" \/>\n<meta property=\"og:description\" content=\"Imprint Responsible for this website: Ace up your sleeveManagement ConsultingEric Lorenz Josephsplatz 890403 NuernbergGermany email: eric.lorenz@ace-up-your-sleeve.commobile: +49 173 568 1860 Tax ID: DE362999534 Data protection We do not collect, store or process personal data when you visit this website. We do not record or track your browsing behavior at any time. The hosting service provider [&hellip;]\" \/>\n<meta property=\"og:url\" content=\"https:\/\/ace-up-your-sleeve.com\/de\/impressum\/\" \/>\n<meta property=\"og:site_name\" content=\"Ace up your sleeve\" \/>\n<meta property=\"article:modified_time\" content=\"2024-03-02T13:02:47+00:00\" \/>\n<meta property=\"og:image\" content=\"https:\/\/ace-up-your-sleeve.com\/wp-content\/uploads\/2023\/10\/Favicon.png\" \/>\n\t<meta property=\"og:image:width\" content=\"48\" \/>\n\t<meta property=\"og:image:height\" content=\"48\" \/>\n\t<meta property=\"og:image:type\" content=\"image\/png\" \/>\n<meta name=\"twitter:card\" content=\"summary_large_image\" \/>\n<meta name=\"twitter:label1\" content=\"Gesch\u00e4tzte Lesezeit\" \/>\n\t<meta name=\"twitter:data1\" content=\"1\u00a0Minute\" \/>\n<script type=\"application\/ld+json\" class=\"yoast-schema-graph\">{\"@context\":\"https:\\\/\\\/schema.org\",\"@graph\":[{\"@type\":\"WebPage\",\"@id\":\"https:\\\/\\\/ace-up-your-sleeve.com\\\/impressum\\\/\",\"url\":\"https:\\\/\\\/ace-up-your-sleeve.com\\\/impressum\\\/\",\"name\":\"Impressum - Ace up your sleeve\",\"isPartOf\":{\"@id\":\"https:\\\/\\\/ace-up-your-sleeve.com\\\/#website\"},\"datePublished\":\"2023-09-15T12:57:36+00:00\",\"dateModified\":\"2024-03-02T13:02:47+00:00\",\"breadcrumb\":{\"@id\":\"https:\\\/\\\/ace-up-your-sleeve.com\\\/impressum\\\/#breadcrumb\"},\"inLanguage\":\"de\",\"potentialAction\":[{\"@type\":\"ReadAction\",\"target\":[\"https:\\\/\\\/ace-up-your-sleeve.com\\\/impressum\\\/\"]}]},{\"@type\":\"BreadcrumbList\",\"@id\":\"https:\\\/\\\/ace-up-your-sleeve.com\\\/impressum\\\/#breadcrumb\",\"itemListElement\":[{\"@type\":\"ListItem\",\"position\":1,\"name\":\"Home\",\"item\":\"https:\\\/\\\/ace-up-your-sleeve.com\\\/\"},{\"@type\":\"ListItem\",\"position\":2,\"name\":\"Impressum\"}]},{\"@type\":\"WebSite\",\"@id\":\"https:\\\/\\\/ace-up-your-sleeve.com\\\/#website\",\"url\":\"https:\\\/\\\/ace-up-your-sleeve.com\\\/\",\"name\":\"Ace up your sleeve Management Consulting Eric Lorenz\",\"description\":\"\",\"publisher\":{\"@id\":\"https:\\\/\\\/ace-up-your-sleeve.com\\\/#organization\"},\"potentialAction\":[{\"@type\":\"SearchAction\",\"target\":{\"@type\":\"EntryPoint\",\"urlTemplate\":\"https:\\\/\\\/ace-up-your-sleeve.com\\\/?s={search_term_string}\"},\"query-input\":{\"@type\":\"PropertyValueSpecification\",\"valueRequired\":true,\"valueName\":\"search_term_string\"}}],\"inLanguage\":\"de\"},{\"@type\":\"Organization\",\"@id\":\"https:\\\/\\\/ace-up-your-sleeve.com\\\/#organization\",\"name\":\"Ace up your sleeve Management Consulting Eric Lorenz\",\"url\":\"https:\\\/\\\/ace-up-your-sleeve.com\\\/\",\"logo\":{\"@type\":\"ImageObject\",\"inLanguage\":\"de\",\"@id\":\"https:\\\/\\\/ace-up-your-sleeve.com\\\/#\\\/schema\\\/logo\\\/image\\\/\",\"url\":\"https:\\\/\\\/ace-up-your-sleeve.com\\\/wp-content\\\/uploads\\\/2023\\\/10\\\/Favicon.png\",\"contentUrl\":\"https:\\\/\\\/ace-up-your-sleeve.com\\\/wp-content\\\/uploads\\\/2023\\\/10\\\/Favicon.png\",\"width\":48,\"height\":48,\"caption\":\"Ace up your sleeve Management Consulting Eric Lorenz\"},\"image\":{\"@id\":\"https:\\\/\\\/ace-up-your-sleeve.com\\\/#\\\/schema\\\/logo\\\/image\\\/\"},\"sameAs\":[\"https:\\\/\\\/www.linkedin.com\\\/in\\\/eric-lorenz-coaching-consulting\"]}]}<\/script>\n<!-- \/ Yoast SEO plugin. -->","yoast_head_json":{"title":"Impressum - Ace up your sleeve","robots":{"index":"index","follow":"follow","max-snippet":"max-snippet:-1","max-image-preview":"max-image-preview:large","max-video-preview":"max-video-preview:-1"},"canonical":"https:\/\/ace-up-your-sleeve.com\/de\/impressum\/","og_locale":"de_DE","og_type":"article","og_title":"Impressum - Ace up your sleeve","og_description":"Imprint Responsible for this website: Ace up your sleeveManagement ConsultingEric Lorenz Josephsplatz 890403 NuernbergGermany email: eric.lorenz@ace-up-your-sleeve.commobile: +49 173 568 1860 Tax ID: DE362999534 Data protection We do not collect, store or process personal data when you visit this website. We do not record or track your browsing behavior at any time. The hosting service provider [&hellip;]","og_url":"https:\/\/ace-up-your-sleeve.com\/de\/impressum\/","og_site_name":"Ace up your sleeve","article_modified_time":"2024-03-02T13:02:47+00:00","og_image":[{"width":48,"height":48,"url":"https:\/\/ace-up-your-sleeve.com\/wp-content\/uploads\/2023\/10\/Favicon.png","type":"image\/png"}],"twitter_card":"summary_large_image","twitter_misc":{"Gesch\u00e4tzte Lesezeit":"1\u00a0Minute"},"schema":{"@context":"https:\/\/schema.org","@graph":[{"@type":"WebPage","@id":"https:\/\/ace-up-your-sleeve.com\/impressum\/","url":"https:\/\/ace-up-your-sleeve.com\/impressum\/","name":"Impressum - Ace up your sleeve","isPartOf":{"@id":"https:\/\/ace-up-your-sleeve.com\/#website"},"datePublished":"2023-09-15T12:57:36+00:00","dateModified":"2024-03-02T13:02:47+00:00","breadcrumb":{"@id":"https:\/\/ace-up-your-sleeve.com\/impressum\/#breadcrumb"},"inLanguage":"de","potentialAction":[{"@type":"ReadAction","target":["https:\/\/ace-up-your-sleeve.com\/impressum\/"]}]},{"@type":"BreadcrumbList","@id":"https:\/\/ace-up-your-sleeve.com\/impressum\/#breadcrumb","itemListElement":[{"@type":"ListItem","position":1,"name":"Home","item":"https:\/\/ace-up-your-sleeve.com\/"},{"@type":"ListItem","position":2,"name":"Impressum"}]},{"@type":"WebSite","@id":"https:\/\/ace-up-your-sleeve.com\/#website","url":"https:\/\/ace-up-your-sleeve.com\/","name":"Ace up your sleeve Management Consulting Eric Lorenz","description":"","publisher":{"@id":"https:\/\/ace-up-your-sleeve.com\/#organization"},"potentialAction":[{"@type":"SearchAction","target":{"@type":"EntryPoint","urlTemplate":"https:\/\/ace-up-your-sleeve.com\/?s={search_term_string}"},"query-input":{"@type":"PropertyValueSpecification","valueRequired":true,"valueName":"search_term_string"}}],"inLanguage":"de"},{"@type":"Organization","@id":"https:\/\/ace-up-your-sleeve.com\/#organization","name":"Ace up your sleeve Management Consulting Eric Lorenz","url":"https:\/\/ace-up-your-sleeve.com\/","logo":{"@type":"ImageObject","inLanguage":"de","@id":"https:\/\/ace-up-your-sleeve.com\/#\/schema\/logo\/image\/","url":"https:\/\/ace-up-your-sleeve.com\/wp-content\/uploads\/2023\/10\/Favicon.png","contentUrl":"https:\/\/ace-up-your-sleeve.com\/wp-content\/uploads\/2023\/10\/Favicon.png","width":48,"height":48,"caption":"Ace up your sleeve Management Consulting Eric Lorenz"},"image":{"@id":"https:\/\/ace-up-your-sleeve.com\/#\/schema\/logo\/image\/"},"sameAs":["https:\/\/www.linkedin.com\/in\/eric-lorenz-coaching-consulting"]}]}},"_links":{"self":[{"href":"https:\/\/ace-up-your-sleeve.com\/de\/wp-json\/wp\/v2\/pages\/365","targetHints":{"allow":["GET"]}}],"collection":[{"href":"https:\/\/ace-up-your-sleeve.com\/de\/wp-json\/wp\/v2\/pages"}],"about":[{"href":"https:\/\/ace-up-your-sleeve.com\/de\/wp-json\/wp\/v2\/types\/page"}],"author":[{"embeddable":true,"href":"https:\/\/ace-up-your-sleeve.com\/de\/wp-json\/wp\/v2\/users\/1"}],"replies":[{"embeddable":true,"href":"https:\/\/ace-up-your-sleeve.com\/de\/wp-json\/wp\/v2\/comments?post=365"}],"version-history":[{"count":55,"href":"https:\/\/ace-up-your-sleeve.com\/de\/wp-json\/wp\/v2\/pages\/365\/revisions"}],"predecessor-version":[{"id":3324,"href":"https:\/\/ace-up-your-sleeve.com\/de\/wp-json\/wp\/v2\/pages\/365\/revisions\/3324"}],"wp:attachment":[{"href":"https:\/\/ace-up-your-sleeve.com\/de\/wp-json\/wp\/v2\/media?parent=365"}],"curies":[{"name":"wp","href":"https:\/\/api.w.org\/{rel}","templated":true}]}}